{"id":283,"date":"2013-06-26T14:46:23","date_gmt":"2013-06-26T11:46:23","guid":{"rendered":"http:\/\/kb-ee.sn17.zone.eu\/?page_id=283"},"modified":"2013-06-26T14:46:23","modified_gmt":"2013-06-26T11:46:23","slug":"tampotrukk","status":"publish","type":"page","link":"https:\/\/www.kb.ee\/fi\/tootlus\/tampotrukk\/","title":{"rendered":"(Eesti) Tampotr\u00fckk"},"content":{"rendered":"<p class=\"qtranxs-available-languages-message qtranxs-available-languages-message-fi\">Anteeksi, mutta t\u00e4m\u00e4 kirjoitus on saatavana ainoastaan n\u00e4ill\u00e4 kielill\u00e4: <a href=\"https:\/\/www.kb.ee\/et\/wp-json\/wp\/v2\/pages\/283\" class=\"qtranxs-available-language-link qtranxs-available-language-link-et\" title=\"Eesti\">Eesti<\/a>.<\/p>","protected":false},"excerpt":{"rendered":"<p>Anteeksi, mutta t\u00e4m\u00e4 kirjoitus on saatavana ainoastaan n\u00e4ill\u00e4 kielill\u00e4: Eesti.<\/p>\n","protected":false},"author":1,"featured_media":0,"parent":174,"menu_order":8,"comment_status":"closed","ping_status":"open","template":"page-with_left_sidebar.php","meta":{"footnotes":""},"class_list":["post-283","page","type-page","status-publish","hentry"],"_links":{"self":[{"href":"https:\/\/www.kb.ee\/fi\/wp-json\/wp\/v2\/pages\/283","targetHints":{"allow":["GET"]}}],"collection":[{"href":"https:\/\/www.kb.ee\/fi\/wp-json\/wp\/v2\/pages"}],"about":[{"href":"https:\/\/www.kb.ee\/fi\/wp-json\/wp\/v2\/types\/page"}],"author":[{"embeddable":true,"href":"https:\/\/www.kb.ee\/fi\/wp-json\/wp\/v2\/users\/1"}],"replies":[{"embeddable":true,"href":"https:\/\/www.kb.ee\/fi\/wp-json\/wp\/v2\/comments?post=283"}],"version-history":[{"count":1,"href":"https:\/\/www.kb.ee\/fi\/wp-json\/wp\/v2\/pages\/283\/revisions"}],"predecessor-version":[{"id":286,"href":"https:\/\/www.kb.ee\/fi\/wp-json\/wp\/v2\/pages\/283\/revisions\/286"}],"up":[{"embeddable":true,"href":"https:\/\/www.kb.ee\/fi\/wp-json\/wp\/v2\/pages\/174"}],"wp:attachment":[{"href":"https:\/\/www.kb.ee\/fi\/wp-json\/wp\/v2\/media?parent=283"}],"curies":[{"name":"wp","href":"https:\/\/api.w.org\/{rel}","templated":true}]}}