{"id":2451,"date":"2013-09-28T20:31:13","date_gmt":"2013-09-28T17:31:13","guid":{"rendered":"http:\/\/kb-ee.sn17.zone.eu\/?post_type=product&#038;p=2451"},"modified":"2013-09-30T11:14:17","modified_gmt":"2013-09-30T08:14:17","slug":"cooldry-t-sark-dad-wickham","status":"publish","type":"product","link":"https:\/\/www.kb.ee\/fi\/shop\/t-sargid\/cooldry-t-sark-dad-wickham\/","title":{"rendered":"Cooldry T-paita DAD Wickham"},"content":{"rendered":"<p class=\"qtranxs-available-languages-message qtranxs-available-languages-message-fi\">Anteeksi, mutta t\u00e4m\u00e4 kirjoitus on saatavana ainoastaan n\u00e4ill\u00e4 kielill\u00e4: <a href=\"https:\/\/www.kb.ee\/et\/wp-json\/wp\/v2\/product\/2451\" class=\"qtranxs-available-language-link qtranxs-available-language-link-et\" title=\"Eesti\">Eesti<\/a>.<\/p>","protected":false},"excerpt":{"rendered":"<p class=\"qtranxs-available-languages-message qtranxs-available-languages-message-fi\">Anteeksi, mutta t\u00e4m\u00e4 kirjoitus on saatavana ainoastaan n\u00e4ill\u00e4 kielill\u00e4: <a href=\"https:\/\/www.kb.ee\/et\/wp-json\/wp\/v2\/product\/2451\" class=\"qtranxs-available-language-link qtranxs-available-language-link-et\" title=\"Eesti\">Eesti<\/a>.<\/p>\n","protected":false},"featured_media":2452,"comment_status":"closed","ping_status":"closed","template":"","meta":[],"product_brand":[],"product_cat":[65],"product_tag":[],"class_list":{"0":"post-2451","1":"product","2":"type-product","3":"status-publish","4":"has-post-thumbnail","6":"product_cat-t-sargid","8":"first","9":"instock","10":"shipping-taxable","11":"purchasable","12":"product-type-simple"},"_links":{"self":[{"href":"https:\/\/www.kb.ee\/fi\/wp-json\/wp\/v2\/product\/2451","targetHints":{"allow":["GET"]}}],"collection":[{"href":"https:\/\/www.kb.ee\/fi\/wp-json\/wp\/v2\/product"}],"about":[{"href":"https:\/\/www.kb.ee\/fi\/wp-json\/wp\/v2\/types\/product"}],"replies":[{"embeddable":true,"href":"https:\/\/www.kb.ee\/fi\/wp-json\/wp\/v2\/comments?post=2451"}],"wp:featuredmedia":[{"embeddable":true,"href":"https:\/\/www.kb.ee\/fi\/wp-json\/wp\/v2\/media\/2452"}],"wp:attachment":[{"href":"https:\/\/www.kb.ee\/fi\/wp-json\/wp\/v2\/media?parent=2451"}],"wp:term":[{"taxonomy":"product_brand","embeddable":true,"href":"https:\/\/www.kb.ee\/fi\/wp-json\/wp\/v2\/product_brand?post=2451"},{"taxonomy":"product_cat","embeddable":true,"href":"https:\/\/www.kb.ee\/fi\/wp-json\/wp\/v2\/product_cat?post=2451"},{"taxonomy":"product_tag","embeddable":true,"href":"https:\/\/www.kb.ee\/fi\/wp-json\/wp\/v2\/product_tag?post=2451"}],"curies":[{"name":"wp","href":"https:\/\/api.w.org\/{rel}","templated":true}]}}