{"id":2857,"date":"2013-10-09T13:06:01","date_gmt":"2013-10-09T10:06:01","guid":{"rendered":"http:\/\/www.kb.ee\/?post_type=product&#038;p=2857"},"modified":"2013-10-09T13:06:01","modified_gmt":"2013-10-09T10:06:01","slug":"o-kaelusega-sviiter-printer-softball","status":"publish","type":"product","link":"https:\/\/www.kb.ee\/fi\/shop\/dressipluusid-ja-puksid\/o-kaelusega-sviiter-printer-softball\/","title":{"rendered":"O-kaelusega sviiter Printer Softball"},"content":{"rendered":"<p class=\"qtranxs-available-languages-message qtranxs-available-languages-message-fi\">Anteeksi, mutta t\u00e4m\u00e4 kirjoitus on saatavana ainoastaan n\u00e4ill\u00e4 kielill\u00e4: <a href=\"https:\/\/www.kb.ee\/et\/wp-json\/wp\/v2\/product\/2857\" class=\"qtranxs-available-language-link qtranxs-available-language-link-et\" title=\"Eesti\">Eesti<\/a>.<\/p>","protected":false},"excerpt":{"rendered":"<p class=\"qtranxs-available-languages-message qtranxs-available-languages-message-fi\">Anteeksi, mutta t\u00e4m\u00e4 kirjoitus on saatavana ainoastaan n\u00e4ill\u00e4 kielill\u00e4: <a href=\"https:\/\/www.kb.ee\/et\/wp-json\/wp\/v2\/product\/2857\" class=\"qtranxs-available-language-link qtranxs-available-language-link-et\" title=\"Eesti\">Eesti<\/a>.<\/p>\n","protected":false},"featured_media":2858,"comment_status":"closed","ping_status":"closed","template":"","meta":[],"product_brand":[],"product_cat":[84,88],"product_tag":[],"class_list":{"0":"post-2857","1":"product","2":"type-product","3":"status-publish","4":"has-post-thumbnail","6":"product_cat-dressipluusid-ja-puksid","7":"product_cat-sviitrid-2","9":"first","10":"instock","11":"shipping-taxable","12":"purchasable","13":"product-type-simple"},"_links":{"self":[{"href":"https:\/\/www.kb.ee\/fi\/wp-json\/wp\/v2\/product\/2857","targetHints":{"allow":["GET"]}}],"collection":[{"href":"https:\/\/www.kb.ee\/fi\/wp-json\/wp\/v2\/product"}],"about":[{"href":"https:\/\/www.kb.ee\/fi\/wp-json\/wp\/v2\/types\/product"}],"replies":[{"embeddable":true,"href":"https:\/\/www.kb.ee\/fi\/wp-json\/wp\/v2\/comments?post=2857"}],"wp:featuredmedia":[{"embeddable":true,"href":"https:\/\/www.kb.ee\/fi\/wp-json\/wp\/v2\/media\/2858"}],"wp:attachment":[{"href":"https:\/\/www.kb.ee\/fi\/wp-json\/wp\/v2\/media?parent=2857"}],"wp:term":[{"taxonomy":"product_brand","embeddable":true,"href":"https:\/\/www.kb.ee\/fi\/wp-json\/wp\/v2\/product_brand?post=2857"},{"taxonomy":"product_cat","embeddable":true,"href":"https:\/\/www.kb.ee\/fi\/wp-json\/wp\/v2\/product_cat?post=2857"},{"taxonomy":"product_tag","embeddable":true,"href":"https:\/\/www.kb.ee\/fi\/wp-json\/wp\/v2\/product_tag?post=2857"}],"curies":[{"name":"wp","href":"https:\/\/api.w.org\/{rel}","templated":true}]}}