{"id":4877,"date":"2020-11-12T16:41:38","date_gmt":"2020-11-12T14:41:38","guid":{"rendered":"https:\/\/www.kb.ee\/?post_type=product&#038;p=4877"},"modified":"2020-11-12T16:43:24","modified_gmt":"2020-11-12T14:43:24","slug":"mars-puuvillane-mask-omadisainiga","status":"publish","type":"product","link":"https:\/\/www.kb.ee\/fi\/shop\/soodustooted\/mars-puuvillane-mask-omadisainiga\/","title":{"rendered":"MARS-puuvillanaamio"},"content":{"rendered":"<p><\/p>\n<header class=\"section-header\">\n<h4 class=\"section-title\">Ominaisuudet<\/h4>\n<\/header>\n<article class=\"row\">\n<ul class=\"product-main-details-list col-xs-12 col-sm-6 col-lg-4\">\n<li><span class=\"bold\">Koko:<\/span>\u00a0(L) 18 x 14,5 cm (+\/- 5%)<\/li>\n<li><span class=\"bold\">Paino:<\/span>\u00a00,012 kg<\/li>\n<li><span class=\"bold\">Tullikoodi:<\/span>\u00a06307909899<\/li>\n<li><span class=\"bold\">Materiaali:<\/span>\u00a0OEKO-TEX puuvilla<\/li>\n<li><span class=\"bold\">Minimitilaus:<\/span>\u00a050 kpl\/v\u00e4ri<\/li>\n<\/ul>\n<ul class=\"product-main-details-list-features col-xs-12 col-sm-6 col-lg-4\">\n<li>3-kerroksinen: puuvilla + kuitusuodatinkangas + puuvilla<\/li>\n<li>Musta trimmaus<\/li>\n<li>Kaksi korvalenkki\u00e4<\/li>\n<li>Kaksipuolinen maski<\/li>\n<li>Naamioilla on CE-vaatimustenmukaisuusvakuutus<\/li>\n<li>Voidaan pest\u00e4 40 asteessa<\/li>\n<li>Yksitt\u00e4inen pakkaus<\/li>\n<li>Otsonoitu tuote<\/li>\n<li>Sis\u00e4osa mustaa puuvillaa<\/li>\n<\/ul>\n<\/article>\n<p><\/p>","protected":false},"excerpt":{"rendered":"<p>Ominaisuudet Koko:\u00a0(L) 18 x 14,5 cm (+\/- 5%) Paino:\u00a00,012 kg Tullikoodi:\u00a06307909899 Materiaali:\u00a0OEKO-TEX puuvilla Minimitilaus:\u00a050 kpl\/v\u00e4ri 3-kerroksinen: puuvilla + kuitusuodatinkangas + puuvilla Musta trimmaus Kaksi korvalenkki\u00e4 Kaksipuolinen maski Naamioilla on CE-vaatimustenmukaisuusvakuutus Voidaan pest\u00e4 40 asteessa Yksitt\u00e4inen pakkaus Otsonoitu tuote Sis\u00e4osa mustaa puuvillaa<\/p>\n","protected":false},"featured_media":4876,"comment_status":"closed","ping_status":"closed","template":"","meta":[],"product_brand":[],"product_cat":[117],"product_tag":[],"class_list":{"0":"post-4877","1":"product","2":"type-product","3":"status-publish","4":"has-post-thumbnail","6":"product_cat-soodustooted","8":"first","9":"instock","10":"shipping-taxable","11":"product-type-simple"},"_links":{"self":[{"href":"https:\/\/www.kb.ee\/fi\/wp-json\/wp\/v2\/product\/4877","targetHints":{"allow":["GET"]}}],"collection":[{"href":"https:\/\/www.kb.ee\/fi\/wp-json\/wp\/v2\/product"}],"about":[{"href":"https:\/\/www.kb.ee\/fi\/wp-json\/wp\/v2\/types\/product"}],"replies":[{"embeddable":true,"href":"https:\/\/www.kb.ee\/fi\/wp-json\/wp\/v2\/comments?post=4877"}],"wp:featuredmedia":[{"embeddable":true,"href":"https:\/\/www.kb.ee\/fi\/wp-json\/wp\/v2\/media\/4876"}],"wp:attachment":[{"href":"https:\/\/www.kb.ee\/fi\/wp-json\/wp\/v2\/media?parent=4877"}],"wp:term":[{"taxonomy":"product_brand","embeddable":true,"href":"https:\/\/www.kb.ee\/fi\/wp-json\/wp\/v2\/product_brand?post=4877"},{"taxonomy":"product_cat","embeddable":true,"href":"https:\/\/www.kb.ee\/fi\/wp-json\/wp\/v2\/product_cat?post=4877"},{"taxonomy":"product_tag","embeddable":true,"href":"https:\/\/www.kb.ee\/fi\/wp-json\/wp\/v2\/product_tag?post=4877"}],"curies":[{"name":"wp","href":"https:\/\/api.w.org\/{rel}","templated":true}]}}