{"id":4879,"date":"2020-11-12T16:55:42","date_gmt":"2020-11-12T14:55:42","guid":{"rendered":"https:\/\/www.kb.ee\/?post_type=product&#038;p=4879"},"modified":"2020-11-12T16:58:01","modified_gmt":"2020-11-12T14:58:01","slug":"tasku-ja-hepa-filtriga-puuvillane-mask-mars-pro-suurus-m-ja-l-oma-disainiga","status":"publish","type":"product","link":"https:\/\/www.kb.ee\/fi\/shop\/soodustooted\/tasku-ja-hepa-filtriga-puuvillane-mask-mars-pro-suurus-m-ja-l-oma-disainiga\/","title":{"rendered":"MARS PRO puuvillanaamio (koko M, L), tasku ja HEPA-suodatin"},"content":{"rendered":"<p><\/p>\n<header class=\"section-header\">\n<h4 class=\"section-title\">Ominaisuudet<\/h4>\n<\/header>\n<article class=\"row\">\n<ul class=\"product-main-details-list col-xs-12 col-sm-6 col-lg-4\">\n<li><span class=\"bold\">Koko:<\/span>\u00a018 x 12,5 cm (+\/- 5%)<\/li>\n<li><span class=\"bold\">Paino:<\/span>\u00a00,013 kg<\/li>\n<li><span class=\"bold\">Tullikoodi:<\/span>\u00a06307909899<\/li>\n<li><span class=\"bold\">Materiaali:<\/span>\u00a0Polyesteri, OEKO-TEX puuvilla<\/li>\n<li><span class=\"bold\">Minimitilaus:<\/span>\u00a050 kpl\/v\u00e4ri<\/li>\n<\/ul>\n<ul class=\"product-main-details-list-features col-xs-12 col-sm-6 col-lg-4\">\n<li>sis. 1 HEPA-suodatin<\/li>\n<li>3-kerroksinen: puuvilla + HEPA-suodatin + puuvilla<\/li>\n<li>Musta trimmaus<\/li>\n<li>Kaksi korvalenkki\u00e4<\/li>\n<li>Filtteritasku<\/li>\n<li>Naamioilla on CE-vaatimustenmukaisuusvakuutus<\/li>\n<li>Voidaan pest\u00e4 40 asteessa<\/li>\n<li>Yksitt\u00e4inen pakkaus<\/li>\n<li>Otsonoitu tuote<\/li>\n<li>Sis\u00e4osa mustaa puuvillaa<\/li>\n<\/ul>\n<\/article>\n<p><\/p>","protected":false},"excerpt":{"rendered":"<p>Ominaisuudet Koko:\u00a018 x 12,5 cm (+\/- 5%) Paino:\u00a00,013 kg Tullikoodi:\u00a06307909899 Materiaali:\u00a0Polyesteri, OEKO-TEX puuvilla Minimitilaus:\u00a050 kpl\/v\u00e4ri sis. 1 HEPA-suodatin 3-kerroksinen: puuvilla + HEPA-suodatin + puuvilla Musta trimmaus Kaksi korvalenkki\u00e4 Filtteritasku Naamioilla on CE-vaatimustenmukaisuusvakuutus Voidaan pest\u00e4 40 asteessa Yksitt\u00e4inen pakkaus Otsonoitu tuote Sis\u00e4osa mustaa puuvillaa<\/p>\n","protected":false},"featured_media":4880,"comment_status":"closed","ping_status":"closed","template":"","meta":[],"product_brand":[],"product_cat":[117],"product_tag":[],"class_list":{"0":"post-4879","1":"product","2":"type-product","3":"status-publish","4":"has-post-thumbnail","6":"product_cat-soodustooted","8":"first","9":"instock","10":"shipping-taxable","11":"product-type-simple"},"_links":{"self":[{"href":"https:\/\/www.kb.ee\/fi\/wp-json\/wp\/v2\/product\/4879","targetHints":{"allow":["GET"]}}],"collection":[{"href":"https:\/\/www.kb.ee\/fi\/wp-json\/wp\/v2\/product"}],"about":[{"href":"https:\/\/www.kb.ee\/fi\/wp-json\/wp\/v2\/types\/product"}],"replies":[{"embeddable":true,"href":"https:\/\/www.kb.ee\/fi\/wp-json\/wp\/v2\/comments?post=4879"}],"wp:featuredmedia":[{"embeddable":true,"href":"https:\/\/www.kb.ee\/fi\/wp-json\/wp\/v2\/media\/4880"}],"wp:attachment":[{"href":"https:\/\/www.kb.ee\/fi\/wp-json\/wp\/v2\/media?parent=4879"}],"wp:term":[{"taxonomy":"product_brand","embeddable":true,"href":"https:\/\/www.kb.ee\/fi\/wp-json\/wp\/v2\/product_brand?post=4879"},{"taxonomy":"product_cat","embeddable":true,"href":"https:\/\/www.kb.ee\/fi\/wp-json\/wp\/v2\/product_cat?post=4879"},{"taxonomy":"product_tag","embeddable":true,"href":"https:\/\/www.kb.ee\/fi\/wp-json\/wp\/v2\/product_tag?post=4879"}],"curies":[{"name":"wp","href":"https:\/\/api.w.org\/{rel}","templated":true}]}}