{"id":4886,"date":"2020-11-12T17:05:21","date_gmt":"2020-11-12T15:05:21","guid":{"rendered":"https:\/\/www.kb.ee\/?post_type=product&#038;p=4886"},"modified":"2020-11-12T17:06:36","modified_gmt":"2020-11-12T15:06:36","slug":"hestia-naokaitse-labipaistev-mask-suu-ja-nina-jaoks","status":"publish","type":"product","link":"https:\/\/www.kb.ee\/fi\/shop\/soodustooted\/hestia-naokaitse-labipaistev-mask-suu-ja-nina-jaoks\/","title":{"rendered":"ESTIA kasvosuoja &#8211; l\u00e4pin\u00e4kyv\u00e4 maski suulle ja nen\u00e4lle"},"content":{"rendered":"<p><\/p>\n<header class=\"section-header\">\n<h4 class=\"section-title\">Ominaisuudet<\/h4>\n<\/header>\n<article class=\"row\">\n<ul class=\"product-main-details-list col-xs-12 col-sm-6 col-lg-4\">\n<li><span class=\"bold\">Koko:<\/span>\u00a018 x 10 cm<\/li>\n<li><span class=\"bold\">Paino:<\/span>\u00a00,007 kg<\/li>\n<li><span class=\"bold\">Materiaali:<\/span>\u00a0L\u00e4pin\u00e4kyv\u00e4 PET, Huopa<\/li>\n<li><span class=\"bold\">Minimitilaus:<\/span>\u00a050 kpl\/v\u00e4ri<\/li>\n<\/ul>\n<ul class=\"product-main-details-list-features col-xs-12 col-sm-6 col-lg-4\">\n<li>Kaksi korvalenkki\u00e4<\/li>\n<li>Voidaan desinfioida alkoholilla<\/li>\n<li>Yksitt\u00e4inen pakkaus<\/li>\n<li>Sill\u00e4 on CE-vaatimustenmukaisuusvakuutus<\/li>\n<li>Uudelleenk\u00e4ytett\u00e4v\u00e4<\/li>\n<li>L\u00e4pin\u00e4kyv\u00e4n kasvosuojan mitat 18x10cm<\/li>\n<\/ul>\n<\/article>\n<p><\/p>","protected":false},"excerpt":{"rendered":"<p>Ominaisuudet Koko:\u00a018 x 10 cm Paino:\u00a00,007 kg Materiaali:\u00a0L\u00e4pin\u00e4kyv\u00e4 PET, Huopa Minimitilaus:\u00a050 kpl\/v\u00e4ri Kaksi korvalenkki\u00e4 Voidaan desinfioida alkoholilla Yksitt\u00e4inen pakkaus Sill\u00e4 on CE-vaatimustenmukaisuusvakuutus Uudelleenk\u00e4ytett\u00e4v\u00e4 L\u00e4pin\u00e4kyv\u00e4n kasvosuojan mitat 18x10cm<\/p>\n","protected":false},"featured_media":4887,"comment_status":"closed","ping_status":"closed","template":"","meta":[],"product_brand":[],"product_cat":[117],"product_tag":[],"class_list":{"0":"post-4886","1":"product","2":"type-product","3":"status-publish","4":"has-post-thumbnail","6":"product_cat-soodustooted","8":"first","9":"instock","10":"shipping-taxable","11":"product-type-simple"},"_links":{"self":[{"href":"https:\/\/www.kb.ee\/fi\/wp-json\/wp\/v2\/product\/4886","targetHints":{"allow":["GET"]}}],"collection":[{"href":"https:\/\/www.kb.ee\/fi\/wp-json\/wp\/v2\/product"}],"about":[{"href":"https:\/\/www.kb.ee\/fi\/wp-json\/wp\/v2\/types\/product"}],"replies":[{"embeddable":true,"href":"https:\/\/www.kb.ee\/fi\/wp-json\/wp\/v2\/comments?post=4886"}],"wp:featuredmedia":[{"embeddable":true,"href":"https:\/\/www.kb.ee\/fi\/wp-json\/wp\/v2\/media\/4887"}],"wp:attachment":[{"href":"https:\/\/www.kb.ee\/fi\/wp-json\/wp\/v2\/media?parent=4886"}],"wp:term":[{"taxonomy":"product_brand","embeddable":true,"href":"https:\/\/www.kb.ee\/fi\/wp-json\/wp\/v2\/product_brand?post=4886"},{"taxonomy":"product_cat","embeddable":true,"href":"https:\/\/www.kb.ee\/fi\/wp-json\/wp\/v2\/product_cat?post=4886"},{"taxonomy":"product_tag","embeddable":true,"href":"https:\/\/www.kb.ee\/fi\/wp-json\/wp\/v2\/product_tag?post=4886"}],"curies":[{"name":"wp","href":"https:\/\/api.w.org\/{rel}","templated":true}]}}