{"id":5102,"date":"2025-11-12T11:23:57","date_gmt":"2025-11-12T09:23:57","guid":{"rendered":"https:\/\/www.kb.ee\/?post_type=product&#038;p=5102"},"modified":"2025-11-12T11:23:57","modified_gmt":"2025-11-12T09:23:57","slug":"t-sark-um-loose-fit","status":"publish","type":"product","link":"https:\/\/www.kb.ee\/fi\/shop\/t-sargid\/t-sark-um-loose-fit\/","title":{"rendered":"T-S\u00e4rk UM Loose Fit"},"content":{"rendered":"<p>Rennon mallinen T-paita 100% luomupuuvillasta. Paita on unisex-mallinen. Klassinen py\u00f6re\u00e4 p\u00e4\u00e4ntie. Paino: 180 g\/m\u00b2 &#8211; Huolellisesti suunniteltu ECODESIGN-periaatteiden mukaisesti, jotta kierr\u00e4tys on helpompaa tuotteen elinkaaren lopussa. &#8211; Vaate on ommeltu EcoVerde-langasta, joka on valmistettu 100 % kierr\u00e4tetyst\u00e4 polyesterist\u00e4. &#8211; Kangas on OCS-sertifioitua luomupuuvillaa &#8211; OEKO-TEX\u00ae MADE IN GREEN -sertifioitu, mik\u00e4 takaa turvallisuuden, l\u00e4pin\u00e4kyvyyden ja vastuullisen tuotannon. (OEKO-TEX STANDARD 100 + OEKO-TEX STEP) &#8211; PETA-hyv\u00e4ksytty vegaaninen, eli tuotteessa ei ole k\u00e4ytetty el\u00e4inper\u00e4isi\u00e4 materiaaleja. &#8211; Skannaa vaatteen sis\u00e4ll\u00e4 tai verkkosivulla oleva QR-koodi avataksesi DIGITAALISEN TUOTEPASSIN.<a href=\"https:\/\/www.kb.ee\/wp-content\/uploads\/2025\/11\/3410020_3410020-170_Model-T-shirt-Loose-Fit_BIRCH.jpg\"><img loading=\"lazy\" decoding=\"async\" class=\"alignleft size-full wp-image-5103\" src=\"https:\/\/www.kb.ee\/wp-content\/uploads\/2025\/11\/3410020_3410020-170_Model-T-shirt-Loose-Fit_BIRCH.jpg\" alt=\"\" width=\"156\" height=\"200\" \/><\/a><\/p>","protected":false},"excerpt":{"rendered":"<p>Rennon mallinen T-paita 100% luomupuuvillasta. Paita on unisex-mallinen. Klassinen py\u00f6re\u00e4 p\u00e4\u00e4ntie. Paino: 180 g\/m\u00b2 &#8211; Huolellisesti suunniteltu ECODESIGN-periaatteiden mukaisesti, jotta kierr\u00e4tys on helpompaa tuotteen elinkaaren lopussa. &#8211; Vaate on ommeltu EcoVerde-langasta, joka on valmistettu 100 % kierr\u00e4tetyst\u00e4 polyesterist\u00e4. &#8211; Kangas on OCS-sertifioitua luomupuuvillaa &#8211; OEKO-TEX\u00ae MADE IN GREEN -sertifioitu, mik\u00e4 takaa turvallisuuden, l\u00e4pin\u00e4kyvyyden ja vastuullisen [&hellip;]<\/p>\n","protected":false},"featured_media":5103,"comment_status":"closed","ping_status":"closed","template":"","meta":[],"product_brand":[],"product_cat":[65,15],"product_tag":[],"class_list":{"0":"post-5102","1":"product","2":"type-product","3":"status-publish","4":"has-post-thumbnail","6":"product_cat-t-sargid","7":"product_cat-tooroivad","9":"first","10":"instock","11":"shipping-taxable","12":"product-type-simple"},"_links":{"self":[{"href":"https:\/\/www.kb.ee\/fi\/wp-json\/wp\/v2\/product\/5102","targetHints":{"allow":["GET"]}}],"collection":[{"href":"https:\/\/www.kb.ee\/fi\/wp-json\/wp\/v2\/product"}],"about":[{"href":"https:\/\/www.kb.ee\/fi\/wp-json\/wp\/v2\/types\/product"}],"replies":[{"embeddable":true,"href":"https:\/\/www.kb.ee\/fi\/wp-json\/wp\/v2\/comments?post=5102"}],"wp:featuredmedia":[{"embeddable":true,"href":"https:\/\/www.kb.ee\/fi\/wp-json\/wp\/v2\/media\/5103"}],"wp:attachment":[{"href":"https:\/\/www.kb.ee\/fi\/wp-json\/wp\/v2\/media?parent=5102"}],"wp:term":[{"taxonomy":"product_brand","embeddable":true,"href":"https:\/\/www.kb.ee\/fi\/wp-json\/wp\/v2\/product_brand?post=5102"},{"taxonomy":"product_cat","embeddable":true,"href":"https:\/\/www.kb.ee\/fi\/wp-json\/wp\/v2\/product_cat?post=5102"},{"taxonomy":"product_tag","embeddable":true,"href":"https:\/\/www.kb.ee\/fi\/wp-json\/wp\/v2\/product_tag?post=5102"}],"curies":[{"name":"wp","href":"https:\/\/api.w.org\/{rel}","templated":true}]}}